{"id":94,"date":"2023-06-07T19:58:25","date_gmt":"2023-06-07T19:58:25","guid":{"rendered":"http:\/\/193.194.89.193\/wp_lgandg\/?page_id=94"},"modified":"2024-05-06T18:37:21","modified_gmt":"2024-05-06T18:37:21","slug":"accueil","status":"publish","type":"page","link":"https:\/\/lgandg.usthb.dz\/","title":{"rendered":"Accueil"},"content":{"rendered":"\n<figure class=\"wp-block-image size-full is-resized\"><img loading=\"lazy\" decoding=\"async\" width=\"227\" height=\"162\" src=\"http:\/\/193.194.89.193\/wp_lgandg\/wp-content\/uploads\/2023\/06\/geomorphologie.jpg\" alt=\"\" class=\"wp-image-97\" style=\"width:371px;height:265px\"\/><\/figure>\n\n\n\n<h1 class=\"wp-block-heading has-small-font-size\"><strong>AXES DE RECHERCHE<\/strong><\/h1>\n\n\n\n<h1 class=\"wp-block-heading has-small-font-size\">Les axes que d\u00e9veloppent les \u00e9quipes de recherche dans le cadre de ce laboratoire s\u2019articulent autour de quatre axes&nbsp;:<\/h1>\n\n\n\n<ul class=\"wp-block-list\">\n<li>Evolution g\u00e9omorphologique et morphodynamique des milieux.<\/li>\n\n\n\n<li>Risques naturels: Pr\u00e9vision et Pr\u00e9vention.<\/li>\n\n\n\n<li>Homme, Environnement et G\u00e9o-tourisme.<\/li>\n\n\n\n<li>G\u00e9omatique et G\u00e9omorphologie num\u00e9rique.<\/li>\n<\/ul>\n\n\n\n<p><strong> DOMAINES D&#8217;INTERVENTION:<\/strong><\/p>\n\n\n\n<ul class=\"wp-block-list\">\n<li><strong>Les risques naturels: <\/strong>Inondation, submersion marine, \u00e9rosion c\u00f4ti\u00e8re, \u00e9rosion continentale, glissements des terrains, risques sismiques, d\u00e9sertification.<\/li>\n\n\n\n<li><strong>G\u00e9omorphologie \u00e0 partir de l&#8217;espace (G\u00e9omatique): <\/strong>Syst\u00e8me d&#8217;information g\u00e9ographique (SIG), T\u00e9l\u00e9d\u00e9tection, DGPS, Imagerie radar, Mod\u00e9lisation num\u00e9rique.<strong><\/strong><\/li>\n\n\n\n<li><strong>Etudes des milieux naturels et am\u00e9nag\u00e9s : <\/strong>Milieux littoraux, milieux arides et d\u00e9sertiques, Milieux steppiques, G\u00e9o-tourisme, G\u00e9o-parcs.<strong><\/strong><\/li>\n\n\n\n<li><strong>G\u00e9nie G\u00e9omorphologique : <\/strong>Trac\u00e9 des routes, Ouvrages de protection des c\u00f4tes, Protection des bassins versants, choix des sites, Ensablement des ports, ensablement des barrages.<strong><\/strong><\/li>\n<\/ul>\n","protected":false},"excerpt":{"rendered":"<p>AXES DE RECHERCHE Les axes que d\u00e9veloppent les \u00e9quipes de recherche dans le cadre de ce laboratoire s\u2019articulent autour de quatre axes&nbsp;: DOMAINES D&#8217;INTERVENTION:<\/p>\n","protected":false},"author":1,"featured_media":0,"parent":0,"menu_order":0,"comment_status":"closed","ping_status":"closed","template":"","meta":{"footnotes":""},"class_list":["post-94","page","type-page","status-publish","hentry"],"_links":{"self":[{"href":"https:\/\/lgandg.usthb.dz\/index.php\/wp-json\/wp\/v2\/pages\/94","targetHints":{"allow":["GET"]}}],"collection":[{"href":"https:\/\/lgandg.usthb.dz\/index.php\/wp-json\/wp\/v2\/pages"}],"about":[{"href":"https:\/\/lgandg.usthb.dz\/index.php\/wp-json\/wp\/v2\/types\/page"}],"author":[{"embeddable":true,"href":"https:\/\/lgandg.usthb.dz\/index.php\/wp-json\/wp\/v2\/users\/1"}],"replies":[{"embeddable":true,"href":"https:\/\/lgandg.usthb.dz\/index.php\/wp-json\/wp\/v2\/comments?post=94"}],"version-history":[{"count":5,"href":"https:\/\/lgandg.usthb.dz\/index.php\/wp-json\/wp\/v2\/pages\/94\/revisions"}],"predecessor-version":[{"id":298,"href":"https:\/\/lgandg.usthb.dz\/index.php\/wp-json\/wp\/v2\/pages\/94\/revisions\/298"}],"wp:attachment":[{"href":"https:\/\/lgandg.usthb.dz\/index.php\/wp-json\/wp\/v2\/media?parent=94"}],"curies":[{"name":"wp","href":"https:\/\/api.w.org\/{rel}","templated":true}]}}